{"id":1605,"date":"2021-06-02T14:57:21","date_gmt":"2021-06-02T14:57:21","guid":{"rendered":"https:\/\/katariinakuvaa.fi\/?page_id=1605"},"modified":"2022-06-03T23:58:13","modified_gmt":"2022-06-03T21:58:13","slug":"miksi-varaisin-ajan-valokuvaukseen","status":"publish","type":"page","link":"https:\/\/katariinakuvaa.fi\/index.php\/miksi-varaisin-ajan-valokuvaukseen\/","title":{"rendered":"Miksi varaisin valokuvausajan?"},"content":{"rendered":"\n<h3 class=\"wp-block-heading\">Muistutukseksi itselle &amp; l\u00e4heisille<\/h3>\n\n\n\n<figure class=\"wp-block-gallery has-nested-images columns-default is-cropped wp-block-gallery-1 is-layout-flex wp-block-gallery-is-layout-flex\">\n<figure class=\"wp-block-image size-large\"><img loading=\"lazy\" decoding=\"async\" width=\"600\" height=\"900\" data-id=\"1624\" src=\"https:\/\/katariinakuvaa.fi\/wp-content\/uploads\/2021\/06\/img_20190601_181126.jpg\" alt=\"\" class=\"wp-image-1624\" srcset=\"https:\/\/katariinakuvaa.fi\/wp-content\/uploads\/2021\/06\/img_20190601_181126.jpg 600w, https:\/\/katariinakuvaa.fi\/wp-content\/uploads\/2021\/06\/img_20190601_181126-200x300.jpg 200w\" sizes=\"auto, (max-width: 600px) 100vw, 600px\" \/><\/figure>\n\n\n\n<figure class=\"wp-block-image size-large\"><img loading=\"lazy\" decoding=\"async\" width=\"600\" height=\"900\" data-id=\"1625\" src=\"https:\/\/katariinakuvaa.fi\/wp-content\/uploads\/2021\/06\/img_20190601_181127-1.jpg\" alt=\"\" class=\"wp-image-1625\" srcset=\"https:\/\/katariinakuvaa.fi\/wp-content\/uploads\/2021\/06\/img_20190601_181127-1.jpg 600w, https:\/\/katariinakuvaa.fi\/wp-content\/uploads\/2021\/06\/img_20190601_181127-1-200x300.jpg 200w\" sizes=\"auto, (max-width: 600px) 100vw, 600px\" \/><\/figure>\n<\/figure>\n\n\n\n<p>Nykymaailma on niin hektinen, ett\u00e4 tarvitsemme aikaa my\u00f6s rentoutumiselle ja itsest\u00e4 huolehtimiselle. Monet meist\u00e4 huolehtivat fyysisest\u00e4 hyvinvoinnistaan esimerkiksi urheilemalla tai k\u00e4ym\u00e4ll\u00e4 hierojalla ja sosiaalisesta puolesta viett\u00e4m\u00e4ll\u00e4 aikaa itselle t\u00e4rkeiden ihmisten kanssa. Ikuistamalla n\u00e4m\u00e4 hetket valokuviksi, j\u00e4\u00e4v\u00e4t ne my\u00f6s paremmin mieleesi. Lis\u00e4ksi valokuvaus on k\u00e4sitt\u00e4m\u00e4tt\u00f6m\u00e4n kaunis keino huolehtia omasta psyykkisest\u00e4 hyvinvoinnista muistuttaen itselle omaa riitt\u00e4vyytt\u00e4\u00e4, kauneuttaan ja ainutlaatuisuuttaan.<\/p>\n\n\n\n<figure class=\"wp-block-pullquote is-style-default\"><blockquote><p><\/p><cite>T\u00c4M\u00c4N MUISTUTUKSEN JA HETKEEN PYS\u00c4HTYMISEN MY\u00d6T\u00c4 AKKUSIkin LATAUTUVAT JA VOIMAVARASI KASVAVAT!<\/cite><\/blockquote><\/figure>\n\n\n\n<p>Varaamalla kuvausajan itselle teet my\u00f6s palveluksen l\u00e4heisillesi: positiivinen kuvauskokemus auttaa jaksamaan arjessa ja luo arkeen hetken heng\u00e4hdystauon. Lis\u00e4ksi hyv\u00e4n mielen kuvat saavat hymyn kasvoillesi loppuel\u00e4m\u00e4si ajan my\u00f6s niiss\u00e4 kiireimmiss\u00e4 ja raskaimmissa el\u00e4m\u00e4nvaiheissa.<\/p>\n\n\n\n<figure class=\"wp-block-gallery has-nested-images columns-2 is-cropped wp-block-gallery-2 is-layout-flex wp-block-gallery-is-layout-flex\">\n<figure class=\"wp-block-image size-large\"><img loading=\"lazy\" decoding=\"async\" width=\"683\" height=\"1024\" data-id=\"2097\" src=\"https:\/\/katariinakuvaa.fi\/wp-content\/uploads\/2021\/06\/img_20190601_182734-683x1024.jpg\" alt=\"\" class=\"wp-image-2097\" srcset=\"https:\/\/katariinakuvaa.fi\/wp-content\/uploads\/2021\/06\/img_20190601_182734-683x1024.jpg 683w, https:\/\/katariinakuvaa.fi\/wp-content\/uploads\/2021\/06\/img_20190601_182734-200x300.jpg 200w, https:\/\/katariinakuvaa.fi\/wp-content\/uploads\/2021\/06\/img_20190601_182734-768x1152.jpg 768w, https:\/\/katariinakuvaa.fi\/wp-content\/uploads\/2021\/06\/img_20190601_182734-600x900.jpg 600w, https:\/\/katariinakuvaa.fi\/wp-content\/uploads\/2021\/06\/img_20190601_182734.jpg 800w\" sizes=\"auto, (max-width: 683px) 100vw, 683px\" \/><\/figure>\n\n\n\n<figure class=\"wp-block-image size-large\"><img loading=\"lazy\" decoding=\"async\" width=\"683\" height=\"1024\" data-id=\"2095\" src=\"https:\/\/katariinakuvaa.fi\/wp-content\/uploads\/2021\/06\/img_20190601_181647-683x1024.jpg\" alt=\"\" class=\"wp-image-2095\" srcset=\"https:\/\/katariinakuvaa.fi\/wp-content\/uploads\/2021\/06\/img_20190601_181647-683x1024.jpg 683w, https:\/\/katariinakuvaa.fi\/wp-content\/uploads\/2021\/06\/img_20190601_181647-200x300.jpg 200w, https:\/\/katariinakuvaa.fi\/wp-content\/uploads\/2021\/06\/img_20190601_181647-768x1152.jpg 768w, https:\/\/katariinakuvaa.fi\/wp-content\/uploads\/2021\/06\/img_20190601_181647-600x900.jpg 600w, https:\/\/katariinakuvaa.fi\/wp-content\/uploads\/2021\/06\/img_20190601_181647.jpg 800w\" sizes=\"auto, (max-width: 683px) 100vw, 683px\" \/><\/figure>\n<\/figure>\n\n\n\n<figure class=\"wp-block-gallery has-nested-images columns-2 is-cropped wp-block-gallery-3 is-layout-flex wp-block-gallery-is-layout-flex\">\n<figure class=\"wp-block-image size-large\"><img loading=\"lazy\" decoding=\"async\" width=\"600\" height=\"900\" data-id=\"1626\" src=\"https:\/\/katariinakuvaa.fi\/wp-content\/uploads\/2021\/06\/img_20190601_181435-1.jpg\" alt=\"\" class=\"wp-image-1626\" srcset=\"https:\/\/katariinakuvaa.fi\/wp-content\/uploads\/2021\/06\/img_20190601_181435-1.jpg 600w, https:\/\/katariinakuvaa.fi\/wp-content\/uploads\/2021\/06\/img_20190601_181435-1-200x300.jpg 200w\" sizes=\"auto, (max-width: 600px) 100vw, 600px\" \/><\/figure>\n\n\n\n<figure class=\"wp-block-image size-large\"><img loading=\"lazy\" decoding=\"async\" width=\"600\" height=\"900\" data-id=\"1627\" src=\"https:\/\/katariinakuvaa.fi\/wp-content\/uploads\/2021\/06\/img_20190601_184659-1.jpg\" alt=\"\" class=\"wp-image-1627\" srcset=\"https:\/\/katariinakuvaa.fi\/wp-content\/uploads\/2021\/06\/img_20190601_184659-1.jpg 600w, https:\/\/katariinakuvaa.fi\/wp-content\/uploads\/2021\/06\/img_20190601_184659-1-200x300.jpg 200w\" sizes=\"auto, (max-width: 600px) 100vw, 600px\" \/><\/figure>\n<\/figure>\n\n\n\n<blockquote class=\"wp-block-quote is-layout-flow wp-block-quote-is-layout-flow\"><p>Eik\u00f6 sinulla ole kuvia sinulle l\u00e4heisten ihmisten kanssa? Oletko jostakin kiitollinen jollekin ihmiselle? &#8211; Kaksi syyt\u00e4 varata kuvaus<\/p><\/blockquote>\n\n\n\n<p>Kuvauksen voi varata my\u00f6s itselle l\u00e4heisille ihmisille ja tulla kuvauksiin heid\u00e4n kanssaan tai ostaa kuvauksen lahjaksi sellaisille ihmisille, joille on kiitollinen. Olohuoneen sein\u00e4ll\u00e4 kuvat kantavat my\u00f6s ajattomia, silminn\u00e4ht\u00e4vi\u00e4 ja k\u00e4sinkosketeltavia merkityksellisi\u00e4 muistoja muistuttaen itselle t\u00e4rkeimmist\u00e4 ihmisist\u00e4 &lt;3 <\/p>\n","protected":false},"excerpt":{"rendered":"<p>Muistutukseksi itselle &amp; l\u00e4heisille Nykymaailma on niin hektinen, ett\u00e4 tarvitsemme aikaa my\u00f6s rentoutumiselle ja itsest\u00e4 huolehtimiselle. Monet meist\u00e4 huolehtivat fyysisest\u00e4 hyvinvoinnistaan esimerkiksi urheilemalla tai k\u00e4ym\u00e4ll\u00e4 hierojalla ja sosiaalisesta puolesta viett\u00e4m\u00e4ll\u00e4 aikaa itselle t\u00e4rkeiden ihmisten kanssa. Ikuistamalla n\u00e4m\u00e4 hetket valokuviksi, j\u00e4\u00e4v\u00e4t ne my\u00f6s paremmin mieleesi. Lis\u00e4ksi valokuvaus on k\u00e4sitt\u00e4m\u00e4tt\u00f6m\u00e4n kaunis keino huolehtia omasta psyykkisest\u00e4 hyvinvoinnista muistuttaen&#8230;<\/p>\n","protected":false},"author":1,"featured_media":0,"parent":0,"menu_order":0,"comment_status":"closed","ping_status":"closed","template":"","meta":{"footnotes":""},"class_list":["post-1605","page","type-page","status-publish","hentry"],"_links":{"self":[{"href":"https:\/\/katariinakuvaa.fi\/index.php\/wp-json\/wp\/v2\/pages\/1605","targetHints":{"allow":["GET"]}}],"collection":[{"href":"https:\/\/katariinakuvaa.fi\/index.php\/wp-json\/wp\/v2\/pages"}],"about":[{"href":"https:\/\/katariinakuvaa.fi\/index.php\/wp-json\/wp\/v2\/types\/page"}],"author":[{"embeddable":true,"href":"https:\/\/katariinakuvaa.fi\/index.php\/wp-json\/wp\/v2\/users\/1"}],"replies":[{"embeddable":true,"href":"https:\/\/katariinakuvaa.fi\/index.php\/wp-json\/wp\/v2\/comments?post=1605"}],"version-history":[{"count":16,"href":"https:\/\/katariinakuvaa.fi\/index.php\/wp-json\/wp\/v2\/pages\/1605\/revisions"}],"predecessor-version":[{"id":2644,"href":"https:\/\/katariinakuvaa.fi\/index.php\/wp-json\/wp\/v2\/pages\/1605\/revisions\/2644"}],"wp:attachment":[{"href":"https:\/\/katariinakuvaa.fi\/index.php\/wp-json\/wp\/v2\/media?parent=1605"}],"curies":[{"name":"wp","href":"https:\/\/api.w.org\/{rel}","templated":true}]}}