{"id":231,"date":"2015-08-06T06:29:30","date_gmt":"2015-08-06T06:29:30","guid":{"rendered":"http:\/\/accesspressthemes.com\/fotography\/?page_id=231"},"modified":"2026-02-11T09:49:30","modified_gmt":"2026-02-11T07:49:30","slug":"home","status":"publish","type":"page","link":"https:\/\/katariinakuvaa.fi\/","title":{"rendered":"Kuvaajasi Katariina"},"content":{"rendered":"\n<p>Ihanaa, ett\u00e4 olet l\u00f6yt\u00e4nyt sivuilleni!<\/p>\n\n\n\n<figure class=\"wp-block-image size-large\"><img loading=\"lazy\" decoding=\"async\" width=\"819\" height=\"1024\" src=\"https:\/\/katariinakuvaa.fi\/wp-content\/uploads\/2023\/12\/nettisivuille-1-819x1024.jpg\" alt=\"\" class=\"wp-image-2817\" srcset=\"https:\/\/katariinakuvaa.fi\/wp-content\/uploads\/2023\/12\/nettisivuille-1-819x1024.jpg 819w, https:\/\/katariinakuvaa.fi\/wp-content\/uploads\/2023\/12\/nettisivuille-1-240x300.jpg 240w, https:\/\/katariinakuvaa.fi\/wp-content\/uploads\/2023\/12\/nettisivuille-1-768x960.jpg 768w, https:\/\/katariinakuvaa.fi\/wp-content\/uploads\/2023\/12\/nettisivuille-1-1229x1536.jpg 1229w, https:\/\/katariinakuvaa.fi\/wp-content\/uploads\/2023\/12\/nettisivuille-1.jpg 1638w\" sizes=\"auto, (max-width: 819px) 100vw, 819px\" \/><\/figure>\n\n\n\n<figure class=\"wp-block-gallery has-nested-images columns-default is-cropped wp-block-gallery-1 is-layout-flex wp-block-gallery-is-layout-flex\"><\/figure>\n\n\n\n<blockquote class=\"wp-block-quote is-layout-flow wp-block-quote-is-layout-flow\">\n<p><\/p>\n<\/blockquote>\n\n\n\n<p class=\"has-white-background-color has-text-color has-background\" style=\"color:#cd9946\">Mit\u00e4 haluaisit tiet\u00e4\u00e4 minusta?<\/p>\n\n\n\n<p>Olen auringonlaskuihin, ruskean eri s\u00e4vyihin ja arjen kauniiden yksityiskohtien ihailemiseen hurahtanut 23-vuotias \u00e4iti, psykologian yliopisto-opiskelija ja sivutoiminen valokuvausyritt\u00e4j\u00e4. Eri-ik\u00e4isten lasten kanssa toimiminen on minulle luontevaa my\u00f6s ty\u00f6ni ulkopuolella ja sytyn helposti mukaan lasten leikkeihin ja hupsutteluihin. Aistin kuitenkin aina my\u00f6s lasten tarpeita. Lasten lis\u00e4ksi kunnioitan my\u00f6s kaikkien muiden ihmisten omaa \u2013 niin henkist\u00e4 kuin fyysist\u00e4kin \u2013 tilaa. Olen Kuopiosta l\u00e4ht\u00f6isin ja syksyll\u00e4 2025 jyv\u00e4skyl\u00e4l\u00e4istynyt, mutta kuvaan ymp\u00e4ri Suomen. Eniten kuvaan kuitenkin Jyv\u00e4skyl\u00e4n lis\u00e4ksi Kuopion ja Oulun seudulla.<\/p>\n\n\n\n<p class=\"has-white-background-color has-text-color has-background\" style=\"color:#cd9946\">Missionani on tallentaa kuvien kautta sinulle t\u00e4rke\u00e4t hetket muistoihisi!<\/p>\n\n\n\n<p>Aivomme saavat koko ajan valtavan m\u00e4\u00e4r\u00e4n informaatiota ymp\u00e4rist\u00f6n eri \u00e4rsykkeist\u00e4, mist\u00e4 syyst\u00e4 niiden ei ole tarkoituksenmukaista tallentaa kaikkea tietoa muistiimme ja t\u00e4st\u00e4 syyst\u00e4 emme muista kaikkia yksityskohtia tai edes v\u00e4ltt\u00e4m\u00e4tt\u00e4 suurempia ja merkitt\u00e4v\u00e4mpi\u00e4k\u00e4\u00e4n hetki\u00e4. Monet n\u00e4ist\u00e4 hetkist\u00e4 olisi hyv\u00e4 muistaa, sill\u00e4 uskon niihin palaamisen voivan parantaa hyvinvointiamme. Hyvien hetkien muisteleminen lis\u00e4\u00e4 onnellisuutta, kun taas &#8221;huonompiin&#8221; hetkiin palaaminen muistuttaa meit\u00e4 siit\u00e4, mit\u00e4 kaikkea olemmekaan oppineet sen seurauksena. <\/p>\n\n\n\n<p>Mit\u00e4 enemm\u00e4n ajattelemme tietty\u00e4 hetke\u00e4, siis vahvistamme tiettyj\u00e4 synapsiyhteyksi\u00e4, sit\u00e4 pysyv\u00e4mm\u00e4ksi muistij\u00e4ljet muodostuvat. Jos emme k\u00e4yt\u00e4 n\u00e4it\u00e4 synapsiyhteyksi\u00e4 riitt\u00e4v\u00e4sti, ne voivat karsiutua, mik\u00e4 n\u00e4kyy jonkun asian unohtamisena. Kun sinulle merkitykselliset asiat ja hetket kuvataan, pystyt kuvia katselemalla palaamaan aina niihin hetkiin. Katsoessasi niit\u00e4 kuvia vahvistuu my\u00f6s muistij\u00e4lkesi ja muistosi niist\u00e4 hetkist\u00e4. <\/p>\n\n\n\n<p class=\"has-drop-cap has-text-color\" style=\"color:#cd9946\">Vuodet vieriv\u00e4t ja el\u00e4m\u00e4ntilanteet muuttuvat, mutta kuvat pysyv\u00e4t ajattomina muistoina niist\u00e4!<\/p>\n\n\n\n<p><\/p>\n","protected":false},"excerpt":{"rendered":"<p>Ihanaa, ett\u00e4 olet l\u00f6yt\u00e4nyt sivuilleni! Mit\u00e4 haluaisit tiet\u00e4\u00e4 minusta? Olen auringonlaskuihin, ruskean eri s\u00e4vyihin ja arjen kauniiden yksityiskohtien ihailemiseen hurahtanut 23-vuotias \u00e4iti, psykologian yliopisto-opiskelija ja sivutoiminen valokuvausyritt\u00e4j\u00e4. Eri-ik\u00e4isten lasten kanssa toimiminen on minulle luontevaa my\u00f6s ty\u00f6ni ulkopuolella ja sytyn helposti mukaan lasten leikkeihin ja hupsutteluihin. Aistin kuitenkin aina my\u00f6s lasten tarpeita. Lasten lis\u00e4ksi kunnioitan my\u00f6s&#8230;<\/p>\n","protected":false},"author":1,"featured_media":0,"parent":0,"menu_order":0,"comment_status":"closed","ping_status":"open","template":"template-home.php","meta":{"footnotes":""},"class_list":["post-231","page","type-page","status-publish","hentry"],"_links":{"self":[{"href":"https:\/\/katariinakuvaa.fi\/index.php\/wp-json\/wp\/v2\/pages\/231","targetHints":{"allow":["GET"]}}],"collection":[{"href":"https:\/\/katariinakuvaa.fi\/index.php\/wp-json\/wp\/v2\/pages"}],"about":[{"href":"https:\/\/katariinakuvaa.fi\/index.php\/wp-json\/wp\/v2\/types\/page"}],"author":[{"embeddable":true,"href":"https:\/\/katariinakuvaa.fi\/index.php\/wp-json\/wp\/v2\/users\/1"}],"replies":[{"embeddable":true,"href":"https:\/\/katariinakuvaa.fi\/index.php\/wp-json\/wp\/v2\/comments?post=231"}],"version-history":[{"count":43,"href":"https:\/\/katariinakuvaa.fi\/index.php\/wp-json\/wp\/v2\/pages\/231\/revisions"}],"predecessor-version":[{"id":3305,"href":"https:\/\/katariinakuvaa.fi\/index.php\/wp-json\/wp\/v2\/pages\/231\/revisions\/3305"}],"wp:attachment":[{"href":"https:\/\/katariinakuvaa.fi\/index.php\/wp-json\/wp\/v2\/media?parent=231"}],"curies":[{"name":"wp","href":"https:\/\/api.w.org\/{rel}","templated":true}]}}